{"id":8001,"date":"2026-02-27T11:05:23","date_gmt":"2026-02-27T10:05:23","guid":{"rendered":"https:\/\/ithaka.tusitio.es\/sustainability\/"},"modified":"2026-04-21T18:43:10","modified_gmt":"2026-04-21T16:43:10","slug":"sostenibilidad","status":"publish","type":"page","link":"https:\/\/ithaka.tusitio.es\/es\/sostenibilidad\/","title":{"rendered":"Sostenibilidad"},"content":{"rendered":"\t\t<div data-elementor-type=\"wp-page\" data-elementor-id=\"8001\" class=\"elementor elementor-8001 elementor-7128\" data-elementor-post-type=\"page\">\n\t\t\t\t<div class=\"elementor-element elementor-element-521ce79 e-con-full e-flex e-con e-parent\" data-id=\"521ce79\" data-element_type=\"container\" data-e-type=\"container\" data-settings=\"{&quot;background_background&quot;:&quot;classic&quot;,&quot;jet_parallax_layout_list&quot;:[]}\">\n\t\t\t\t<\/div>\n\t\t<div class=\"elementor-element elementor-element-4aac0a1 e-con-full e-flex e-con e-parent\" data-id=\"4aac0a1\" data-element_type=\"container\" data-e-type=\"container\" data-settings=\"{&quot;jet_parallax_layout_list&quot;:[]}\">\n\t\t\t\t<div class=\"elementor-element elementor-element-e117f49 elementor-widget elementor-widget-heading\" data-id=\"e117f49\" data-element_type=\"widget\" data-e-type=\"widget\" data-widget_type=\"heading.default\">\n\t\t\t\t\t<h2 class=\"elementor-heading-title elementor-size-default\">El enfoque de Ithaka en ESG y Sostenibilidad\n<\/h2>\t\t\t\t<\/div>\n\t\t\t\t<div class=\"elementor-element elementor-element-9f13056 elementor-widget elementor-widget-text-editor\" data-id=\"9f13056\" data-element_type=\"widget\" data-e-type=\"widget\" data-widget_type=\"text-editor.default\">\n\t\t\t\t\t\t\t\t\t<p>Ithaka reconoce la creciente importancia de abordar los riesgos derivados del cambio clim\u00e1tico, as\u00ed como las cuestiones medioambientales, sociales y de gobernanza en sentido amplio, en el conjunto de sus inversiones y operaciones, manteniendo al mismo tiempo los niveles de rentabilidad y retorno esperados.<\/p><p>Ithaka ha designado un Chief Sustainability Officer responsable de garantizar que los principios ESG y de sostenibilidad se implementen y supervisen adecuadamente tanto en sus propias operaciones como en sus inversiones y activos bajo gesti\u00f3n.<\/p><p>Ithaka se compromete a mantener una comunicaci\u00f3n transparente con sus inversores, accionistas y dem\u00e1s grupos de inter\u00e9s, asegurando una comunicaci\u00f3n peri\u00f3dica sobre la sostenibilidad de las inversiones de su cartera.<\/p>\t\t\t\t\t\t\t\t<\/div>\n\t\t\t\t<div class=\"elementor-element elementor-element-0838137 elementor-widget elementor-widget-image\" data-id=\"0838137\" data-element_type=\"widget\" data-e-type=\"widget\" data-widget_type=\"image.default\">\n\t\t\t\t\t\t\t\t\t\t\t\t\t\t\t<img fetchpriority=\"high\" decoding=\"async\" width=\"689\" height=\"392\" src=\"https:\/\/ithaka.tusitio.es\/wp-content\/uploads\/2026\/02\/investment-phase-2.webp\" class=\"attachment-large size-large wp-image-8004\" alt=\"\" srcset=\"https:\/\/ithaka.tusitio.es\/wp-content\/uploads\/2026\/02\/investment-phase-2.webp 689w, https:\/\/ithaka.tusitio.es\/wp-content\/uploads\/2026\/02\/investment-phase-2-300x171.webp 300w\" sizes=\"(max-width: 689px) 100vw, 689px\" \/>\t\t\t\t\t\t\t\t\t\t\t\t\t\t\t<\/div>\n\t\t\t\t<div class=\"elementor-element elementor-element-6b74929 elementor-widget elementor-widget-text-editor\" data-id=\"6b74929\" data-element_type=\"widget\" data-e-type=\"widget\" data-widget_type=\"text-editor.default\">\n\t\t\t\t\t\t\t\t\t<p>Ithaka y sus fondos se rigen por el Reglamento (UE) 2019\/2088, de 27 de noviembre, sobre la divulgaci\u00f3n de informaci\u00f3n relativa a la sostenibilidad en el sector de los servicios financieros (Reglamento de Divulgaci\u00f3n de Finanzas Sostenibles, SFDR), complementado por el Reglamento Delegado (UE) 2022\/1288.<\/p><p><strong>Nuestro compromiso<\/strong>: Proporcionar informaci\u00f3n transparente sobre los avances en la consecuci\u00f3n de los objetivos de sostenibilidad, as\u00ed como sobre el seguimiento y la gesti\u00f3n de los principales impactos adversos de sus inversiones.<\/p><p>Ithaka es asimismo firmante de los Principios para la Inversi\u00f3n Responsable de reconocimiento internacional (UN PRI).<\/p>\t\t\t\t\t\t\t\t<\/div>\n\t\t\t\t<div class=\"elementor-element elementor-element-f1f1955 elementor-widget elementor-widget-text-editor\" data-id=\"f1f1955\" data-element_type=\"widget\" data-e-type=\"widget\" data-widget_type=\"text-editor.default\">\n\t\t\t\t\t\t\t\t\t<p>Ithaka no asume ning\u00fan compromiso de realizar inversiones sostenibles.<\/p>\t\t\t\t\t\t\t\t<\/div>\n\t\t\t\t<\/div>\n\t\t\t\t<\/div>\n\t\t","protected":false},"excerpt":{"rendered":"<p>El enfoque de Ithaka en ESG y Sostenibilidad Ithaka reconoce la creciente importancia de abordar los riesgos derivados del cambio clim\u00e1tico, as\u00ed como las cuestiones medioambientales, sociales y de gobernanza en sentido amplio, en el conjunto de sus inversiones y operaciones, manteniendo al mismo tiempo los niveles de rentabilidad y retorno esperados. Ithaka ha designado [&hellip;]<\/p>\n","protected":false},"author":1,"featured_media":0,"parent":0,"menu_order":23,"comment_status":"closed","ping_status":"closed","template":"","meta":{"footnotes":""},"class_list":["post-8001","page","type-page","status-publish","hentry"],"_links":{"self":[{"href":"https:\/\/ithaka.tusitio.es\/es\/wp-json\/wp\/v2\/pages\/8001","targetHints":{"allow":["GET"]}}],"collection":[{"href":"https:\/\/ithaka.tusitio.es\/es\/wp-json\/wp\/v2\/pages"}],"about":[{"href":"https:\/\/ithaka.tusitio.es\/es\/wp-json\/wp\/v2\/types\/page"}],"author":[{"embeddable":true,"href":"https:\/\/ithaka.tusitio.es\/es\/wp-json\/wp\/v2\/users\/1"}],"replies":[{"embeddable":true,"href":"https:\/\/ithaka.tusitio.es\/es\/wp-json\/wp\/v2\/comments?post=8001"}],"version-history":[{"count":4,"href":"https:\/\/ithaka.tusitio.es\/es\/wp-json\/wp\/v2\/pages\/8001\/revisions"}],"predecessor-version":[{"id":8007,"href":"https:\/\/ithaka.tusitio.es\/es\/wp-json\/wp\/v2\/pages\/8001\/revisions\/8007"}],"wp:attachment":[{"href":"https:\/\/ithaka.tusitio.es\/es\/wp-json\/wp\/v2\/media?parent=8001"}],"curies":[{"name":"wp","href":"https:\/\/api.w.org\/{rel}","templated":true}]}}