{"id":7909,"date":"2026-02-27T11:04:52","date_gmt":"2026-02-27T10:04:52","guid":{"rendered":"https:\/\/ithaka.tusitio.es\/our-history\/"},"modified":"2026-04-21T09:41:53","modified_gmt":"2026-04-21T07:41:53","slug":"nuestra-historia","status":"publish","type":"page","link":"https:\/\/ithaka.tusitio.es\/es\/nuestra-historia\/","title":{"rendered":"Nuestra Historia"},"content":{"rendered":"\t\t<div data-elementor-type=\"wp-page\" data-elementor-id=\"7909\" class=\"elementor elementor-7909 elementor-7124\" data-elementor-post-type=\"page\">\n\t\t\t\t<div class=\"elementor-element elementor-element-a255e83 e-con-full e-flex e-con e-parent\" data-id=\"a255e83\" data-element_type=\"container\" data-e-type=\"container\" data-settings=\"{&quot;background_background&quot;:&quot;classic&quot;,&quot;jet_parallax_layout_list&quot;:[]}\">\n\t\t\t\t<div class=\"elementor-element elementor-element-e6da511 elementor-widget elementor-widget-heading\" data-id=\"e6da511\" data-element_type=\"widget\" data-e-type=\"widget\" data-widget_type=\"heading.default\">\n\t\t\t\t\t<h1 class=\"elementor-heading-title elementor-size-default\">Nuestra Historia<\/h1>\t\t\t\t<\/div>\n\t\t\t\t<\/div>\n\t\t<div class=\"elementor-element elementor-element-be0d8c3 e-con-full e-flex e-con e-parent\" data-id=\"be0d8c3\" data-element_type=\"container\" data-e-type=\"container\" data-settings=\"{&quot;jet_parallax_layout_list&quot;:[]}\">\n\t\t\t\t<div class=\"elementor-element elementor-element-2b9df0b elementor-widget elementor-widget-text-editor\" data-id=\"2b9df0b\" data-element_type=\"widget\" data-e-type=\"widget\" data-widget_type=\"text-editor.default\">\n\t\t\t\t\t\t\t\t\t<p>Desde nuestra fundaci\u00f3n en 2014, hemos invertido con \u00e9xito en una amplia variedad de subsectores de infraestructura (incluyendo energ\u00eda y medio ambiente, infraestructura digital, social, urbana y deportiva) y a lo largo de toda la estructura de capital (incluyendo capital, deuda y soluciones estructuradas), generando <strong>rentabilidades realizadas significativas para nuestros inversores.<\/strong><\/p>\t\t\t\t\t\t\t\t<\/div>\n\t\t\t\t<\/div>\n\t\t<div class=\"elementor-element elementor-element-a772e35 e-con-full e-flex e-con e-parent\" data-id=\"a772e35\" data-element_type=\"container\" data-e-type=\"container\" data-settings=\"{&quot;jet_parallax_layout_list&quot;:[]}\">\n\t\t<div class=\"elementor-element elementor-element-c8d7ea3 e-con-full e-flex e-con e-child\" data-id=\"c8d7ea3\" data-element_type=\"container\" data-e-type=\"container\" data-settings=\"{&quot;jet_parallax_layout_list&quot;:[]}\">\n\t\t\t\t<div class=\"elementor-element elementor-element-b99aa13 elementor-widget elementor-widget-heading\" data-id=\"b99aa13\" data-element_type=\"widget\" data-e-type=\"widget\" data-widget_type=\"heading.default\">\n\t\t\t\t\t<h2 class=\"elementor-heading-title elementor-size-default\">Corporate Management<\/h2>\t\t\t\t<\/div>\n\t\t\t\t<\/div>\n\t\t<div class=\"elementor-element elementor-element-8a33212 e-con-full e-flex e-con e-child\" data-id=\"8a33212\" data-element_type=\"container\" data-e-type=\"container\" data-settings=\"{&quot;jet_parallax_layout_list&quot;:[]}\">\n\t\t\t\t<div class=\"elementor-element elementor-element-f32fbbf elementor-widget elementor-widget-jet-timeline\" data-id=\"f32fbbf\" data-element_type=\"widget\" data-e-type=\"widget\" data-widget_type=\"jet-timeline.default\">\n\t\t\t\t<div class=\"elementor-widget-container\">\n\t\t\t\t\t<div class=\"elementor-jet-timeline jet-elements\"><div class=\"jet-timeline jet-timeline--align-center jet-timeline--align-middle\">\n\t<div class=\"jet-timeline__line\"><div class=\"jet-timeline__line-progress\"><\/div><\/div>\n\t<div class=\"jet-timeline-list\"><div class=\"jet-timeline-item  elementor-repeater-item-9a7a52b jet-timeline-item--image-inside\">\n\t<div class=\"timeline-item__card\">\n\t\t<div class=\"timeline-item__card-inner\">\n\t\t\t\t\t\t\t\t<div class=\"timeline-item__card-content\">\n\t\t\t\t\t<div class=\"timeline-item__meta\"><div class=\"timeline-item__meta-content\">1997 - 2009<\/div><\/div><h3 class=\"timeline-item__card-title\">Uni\u00f3n Fenosa<\/h3><div class=\"timeline-item__card-desc\"><p>Equipo de Direcci\u00f3n de la divisi\u00f3n de energ\u00eda renovable de FCC. Hitos destacados: m\u00e1s de 1.000 millones de euros de inversi\u00f3n (greenfield y brownfield) en activos con una capacidad instalada total de aproximadamente 600 MW.<\/p><\/div>\t\t\t\t<\/div>\n\t\t\t\t\t\t<\/div>\n\t\t<div class=\"timeline-item__card-arrow\"><\/div>\n\t<\/div>\n\t<div class=\"timeline-item__point\"><div class=\"timeline-item__point-content timeline-item__point-content--icon\"><span class=\"jet-elements-icon\"><svg aria-hidden=\"true\" class=\"e-font-icon-svg e-far-circle\" viewBox=\"0 0 512 512\" xmlns=\"http:\/\/www.w3.org\/2000\/svg\"><path d=\"M256 8C119 8 8 119 8 256s111 248 248 248 248-111 248-248S393 8 256 8zm0 448c-110.5 0-200-89.5-200-200S145.5 56 256 56s200 89.5 200 200-89.5 200-200 200z\"><\/path><\/svg><\/span><\/div><\/div><div class=\"timeline-item__meta\"><div class=\"timeline-item__meta-content\">1997 - 2009<\/div><\/div><\/div><div class=\"jet-timeline-item  elementor-repeater-item-408d438 jet-timeline-item--image-inside\">\n\t<div class=\"timeline-item__card\">\n\t\t<div class=\"timeline-item__card-inner\">\n\t\t\t\t\t\t\t\t<div class=\"timeline-item__card-content\">\n\t\t\t\t\t<div class=\"timeline-item__meta\"><div class=\"timeline-item__meta-content\">2009 - 2014:<\/div><\/div><h3 class=\"timeline-item__card-title\">FCC<\/h3><div class=\"timeline-item__card-desc\"><p>Management team of the renewable energy division of FCC. Milestones: +\u20ac1bn investment (greenfield and brownfield) in assets totaling c.600MW installed capacity.<\/p><\/div>\t\t\t\t<\/div>\n\t\t\t\t\t\t<\/div>\n\t\t<div class=\"timeline-item__card-arrow\"><\/div>\n\t<\/div>\n\t<div class=\"timeline-item__point\"><div class=\"timeline-item__point-content timeline-item__point-content--icon\"><span class=\"jet-elements-icon\"><svg aria-hidden=\"true\" class=\"e-font-icon-svg e-far-circle\" viewBox=\"0 0 512 512\" xmlns=\"http:\/\/www.w3.org\/2000\/svg\"><path d=\"M256 8C119 8 8 119 8 256s111 248 248 248 248-111 248-248S393 8 256 8zm0 448c-110.5 0-200-89.5-200-200S145.5 56 256 56s200 89.5 200 200-89.5 200-200 200z\"><\/path><\/svg><\/span><\/div><\/div><div class=\"timeline-item__meta\"><div class=\"timeline-item__meta-content\">2009 - 2014:<\/div><\/div><\/div><\/div><\/div><\/div>\t\t\t\t<\/div>\n\t\t\t\t<\/div>\n\t\t\t\t<\/div>\n\t\t\t\t<\/div>\n\t\t<div class=\"elementor-element elementor-element-ef4ce37 e-con-full e-flex e-con e-parent\" data-id=\"ef4ce37\" data-element_type=\"container\" data-e-type=\"container\" data-settings=\"{&quot;jet_parallax_layout_list&quot;:[]}\">\n\t\t<div class=\"elementor-element elementor-element-ded47ca e-con-full e-flex e-con e-child\" data-id=\"ded47ca\" data-element_type=\"container\" data-e-type=\"container\" data-settings=\"{&quot;jet_parallax_layout_list&quot;:[]}\">\n\t\t\t\t<div class=\"elementor-element elementor-element-2d0a127 elementor-widget elementor-widget-heading\" data-id=\"2d0a127\" data-element_type=\"widget\" data-e-type=\"widget\" data-widget_type=\"heading.default\">\n\t\t\t\t\t<h2 class=\"elementor-heading-title elementor-size-default\">Independent Investment Management<\/h2>\t\t\t\t<\/div>\n\t\t\t\t<\/div>\n\t\t<div class=\"elementor-element elementor-element-b87f75a e-con-full e-flex e-con e-child\" data-id=\"b87f75a\" data-element_type=\"container\" data-e-type=\"container\" data-settings=\"{&quot;jet_parallax_layout_list&quot;:[]}\">\n\t\t\t\t<div class=\"elementor-element elementor-element-c8f0270 elementor-widget elementor-widget-jet-timeline\" data-id=\"c8f0270\" data-element_type=\"widget\" data-e-type=\"widget\" data-widget_type=\"jet-timeline.default\">\n\t\t\t\t<div class=\"elementor-widget-container\">\n\t\t\t\t\t<div class=\"elementor-jet-timeline jet-elements\"><div class=\"jet-timeline jet-timeline--align-center jet-timeline--align-middle\">\n\t<div class=\"jet-timeline__line\"><div class=\"jet-timeline__line-progress\"><\/div><\/div>\n\t<div class=\"jet-timeline-list\"><div class=\"jet-timeline-item  elementor-repeater-item-9a7a52b jet-timeline-item--image-inside\">\n\t<div class=\"timeline-item__card\">\n\t\t<div class=\"timeline-item__card-inner\">\n\t\t\t\t\t\t\t\t<div class=\"timeline-item__card-content\">\n\t\t\t\t\t<div class=\"timeline-item__meta\"><div class=\"timeline-item__meta-content\">2014<\/div><\/div><div class=\"timeline-item__card-desc\"><p>Ithaka se consolida como gestora de inversiones plenamente independiente.<\/p><\/div>\t\t\t\t<\/div>\n\t\t\t\t\t\t<\/div>\n\t\t<div class=\"timeline-item__card-arrow\"><\/div>\n\t<\/div>\n\t<div class=\"timeline-item__point\"><div class=\"timeline-item__point-content timeline-item__point-content--icon\"><span class=\"jet-elements-icon\"><svg aria-hidden=\"true\" class=\"e-font-icon-svg e-far-circle\" viewBox=\"0 0 512 512\" xmlns=\"http:\/\/www.w3.org\/2000\/svg\"><path d=\"M256 8C119 8 8 119 8 256s111 248 248 248 248-111 248-248S393 8 256 8zm0 448c-110.5 0-200-89.5-200-200S145.5 56 256 56s200 89.5 200 200-89.5 200-200 200z\"><\/path><\/svg><\/span><\/div><\/div><div class=\"timeline-item__meta\"><div class=\"timeline-item__meta-content\">2014<\/div><\/div><\/div><div class=\"jet-timeline-item  elementor-repeater-item-8a580c7 jet-timeline-item--image-inside\">\n\t<div class=\"timeline-item__card\">\n\t\t<div class=\"timeline-item__card-inner\">\n\t\t\t\t\t\t\t\t<div class=\"timeline-item__card-content\">\n\t\t\t\t\t<div class=\"timeline-item__meta\"><div class=\"timeline-item__meta-content\">2015 - 2023<\/div><\/div><div class=\"timeline-item__card-desc\"><p>Partnership &amp; management services agreement entered into between Ithaka and affiliates of Sixth Street, worked collaboratively with Sixth Street to source, analyze, underwrite, and structure the acquisition and, where and when appropriate, the disposition of assets.<\/p><\/div>\t\t\t\t<\/div>\n\t\t\t\t\t\t<\/div>\n\t\t<div class=\"timeline-item__card-arrow\"><\/div>\n\t<\/div>\n\t<div class=\"timeline-item__point\"><div class=\"timeline-item__point-content timeline-item__point-content--icon\"><span class=\"jet-elements-icon\"><svg aria-hidden=\"true\" class=\"e-font-icon-svg e-far-circle\" viewBox=\"0 0 512 512\" xmlns=\"http:\/\/www.w3.org\/2000\/svg\"><path d=\"M256 8C119 8 8 119 8 256s111 248 248 248 248-111 248-248S393 8 256 8zm0 448c-110.5 0-200-89.5-200-200S145.5 56 256 56s200 89.5 200 200-89.5 200-200 200z\"><\/path><\/svg><\/span><\/div><\/div><div class=\"timeline-item__meta\"><div class=\"timeline-item__meta-content\">2015 - 2023<\/div><\/div><\/div><div class=\"jet-timeline-item  elementor-repeater-item-7942bef jet-timeline-item--image-inside\">\n\t<div class=\"timeline-item__card\">\n\t\t<div class=\"timeline-item__card-inner\">\n\t\t\t\t\t\t\t\t<div class=\"timeline-item__card-content\">\n\t\t\t\t\t<div class=\"timeline-item__meta\"><div class=\"timeline-item__meta-content\">2024 - en adelante<\/div><\/div><div class=\"timeline-item__card-desc\"><p>Ithaka becomes fully independent investment firm.<\/p><\/div>\t\t\t\t<\/div>\n\t\t\t\t\t\t<\/div>\n\t\t<div class=\"timeline-item__card-arrow\"><\/div>\n\t<\/div>\n\t<div class=\"timeline-item__point\"><div class=\"timeline-item__point-content timeline-item__point-content--icon\"><span class=\"jet-elements-icon\"><svg aria-hidden=\"true\" class=\"e-font-icon-svg e-far-circle\" viewBox=\"0 0 512 512\" xmlns=\"http:\/\/www.w3.org\/2000\/svg\"><path d=\"M256 8C119 8 8 119 8 256s111 248 248 248 248-111 248-248S393 8 256 8zm0 448c-110.5 0-200-89.5-200-200S145.5 56 256 56s200 89.5 200 200-89.5 200-200 200z\"><\/path><\/svg><\/span><\/div><\/div><div class=\"timeline-item__meta\"><div class=\"timeline-item__meta-content\">2024 - en adelante<\/div><\/div><\/div><\/div><\/div><\/div>\t\t\t\t<\/div>\n\t\t\t\t<\/div>\n\t\t\t\t<\/div>\n\t\t\t\t<\/div>\n\t\t\t\t<\/div>\n\t\t","protected":false},"excerpt":{"rendered":"<p>Desde nuestra fundaci\u00f3n en 2014, hemos invertido con \u00e9xito en una amplia variedad de subsectores de infraestructura (incluyendo energ\u00eda y medio ambiente, infraestructura digital, social, urbana y deportiva) y a lo largo de toda la estructura de capital (incluyendo capital, deuda y soluciones estructuradas), generando rentabilidades realizadas significativas para nuestros inversores. Corporate Management 1997 &#8211; [&hellip;]<\/p>\n","protected":false},"author":1,"featured_media":0,"parent":0,"menu_order":11,"comment_status":"closed","ping_status":"closed","template":"","meta":{"footnotes":""},"class_list":["post-7909","page","type-page","status-publish","hentry"],"_links":{"self":[{"href":"https:\/\/ithaka.tusitio.es\/es\/wp-json\/wp\/v2\/pages\/7909","targetHints":{"allow":["GET"]}}],"collection":[{"href":"https:\/\/ithaka.tusitio.es\/es\/wp-json\/wp\/v2\/pages"}],"about":[{"href":"https:\/\/ithaka.tusitio.es\/es\/wp-json\/wp\/v2\/types\/page"}],"author":[{"embeddable":true,"href":"https:\/\/ithaka.tusitio.es\/es\/wp-json\/wp\/v2\/users\/1"}],"replies":[{"embeddable":true,"href":"https:\/\/ithaka.tusitio.es\/es\/wp-json\/wp\/v2\/comments?post=7909"}],"version-history":[{"count":8,"href":"https:\/\/ithaka.tusitio.es\/es\/wp-json\/wp\/v2\/pages\/7909\/revisions"}],"predecessor-version":[{"id":7951,"href":"https:\/\/ithaka.tusitio.es\/es\/wp-json\/wp\/v2\/pages\/7909\/revisions\/7951"}],"wp:attachment":[{"href":"https:\/\/ithaka.tusitio.es\/es\/wp-json\/wp\/v2\/media?parent=7909"}],"curies":[{"name":"wp","href":"https:\/\/api.w.org\/{rel}","templated":true}]}}