{"id":7894,"date":"2026-02-27T09:34:23","date_gmt":"2026-02-27T08:34:23","guid":{"rendered":"https:\/\/ithaka.tusitio.es\/about-ithaka\/"},"modified":"2026-04-21T08:47:25","modified_gmt":"2026-04-21T06:47:25","slug":"about-ithaka","status":"publish","type":"page","link":"https:\/\/ithaka.tusitio.es\/es\/","title":{"rendered":"Sobre Ithaka"},"content":{"rendered":"\t\t<div data-elementor-type=\"wp-page\" data-elementor-id=\"7894\" class=\"elementor elementor-7894 elementor-7040\" data-elementor-post-type=\"page\">\n\t\t\t\t<div class=\"elementor-element elementor-element-046e67a e-con-full e-flex e-con e-parent\" data-id=\"046e67a\" data-element_type=\"container\" data-e-type=\"container\" data-settings=\"{&quot;background_background&quot;:&quot;video&quot;,&quot;jet_parallax_layout_list&quot;:[],&quot;background_video_link&quot;:&quot;https:\\\/\\\/ithaka.tusitio.es\\\/wp-content\\\/uploads\\\/2026\\\/03\\\/Video-web_3k5_varios.mp4&quot;,&quot;background_play_on_mobile&quot;:&quot;yes&quot;}\">\n\t\t<div class=\"elementor-background-video-container\">\n\t\t\t\t\t\t\t<video class=\"elementor-background-video-hosted\" role=\"presentation\" autoplay muted playsinline loop><\/video>\n\t\t\t\t\t<\/div>\t\t<\/div>\n\t\t<div class=\"elementor-element elementor-element-c056f59 e-con-full e-flex e-con e-parent\" data-id=\"c056f59\" data-element_type=\"container\" data-e-type=\"container\" data-settings=\"{&quot;jet_parallax_layout_list&quot;:[]}\">\n\t\t\t\t<div class=\"elementor-element elementor-element-f1a134d elementor-widget elementor-widget-heading\" data-id=\"f1a134d\" data-element_type=\"widget\" data-e-type=\"widget\" data-widget_type=\"heading.default\">\n\t\t\t\t\t<h2 class=\"elementor-heading-title elementor-size-default\">Somos una gestora de inversiones dedicada a ofrecer capital flexible para oportunidades de infraestructura en el mercado medio europeo<\/h2>\t\t\t\t<\/div>\n\t\t\t\t<div class=\"elementor-element elementor-element-0a40290 elementor-widget elementor-widget-text-editor\" data-id=\"0a40290\" data-element_type=\"widget\" data-e-type=\"widget\" data-widget_type=\"text-editor.default\">\n\t\t\t\t\t\t\t\t\tIdentificamos inversiones que ofrecen distribuciones corrientes atractivas, una s\u00f3lida protecci\u00f3n frente a los escenarios adversos y m\u00faltiples palancas de creaci\u00f3n de valor, con el objetivo de generar rentabilidades superiores para nuestros socios institucionales a lo largo de los ciclos de mercado.\n\nAlcanzamos este objetivo mediante a trav\u00e9s de una selecci\u00f3n tem\u00e1tica impulsada por la evoluci\u00f3n de la din\u00e1mica del mercado, combinada con un mandato de capital flexible.\n\nAplicamos un riguroso marco de an\u00e1lisis crediticio para alcanzar nuestras rentabilidades objetivo sin asumir riesgos adicionales.\n\nNuestro nombre refleja nuestro enfoque inversor; Ithaka representa la perseverancia, la adaptabilidad, la ejecuci\u00f3n disciplinada y la claridad de prop\u00f3sito. \t\t\t\t\t\t\t\t<\/div>\n\t\t\t\t<\/div>\n\t\t\t\t<\/div>\n\t\t","protected":false},"excerpt":{"rendered":"<p>Somos una gestora de inversiones dedicada a ofrecer capital flexible para oportunidades de infraestructura en el mercado medio europeo Identificamos inversiones que ofrecen distribuciones corrientes atractivas, una s\u00f3lida protecci\u00f3n frente a los escenarios adversos y m\u00faltiples palancas de creaci\u00f3n de valor, con el objetivo de generar rentabilidades superiores para nuestros socios institucionales a lo largo [&hellip;]<\/p>\n","protected":false},"author":1,"featured_media":0,"parent":0,"menu_order":2,"comment_status":"closed","ping_status":"closed","template":"","meta":{"footnotes":""},"class_list":["post-7894","page","type-page","status-publish","hentry"],"_links":{"self":[{"href":"https:\/\/ithaka.tusitio.es\/es\/wp-json\/wp\/v2\/pages\/7894","targetHints":{"allow":["GET"]}}],"collection":[{"href":"https:\/\/ithaka.tusitio.es\/es\/wp-json\/wp\/v2\/pages"}],"about":[{"href":"https:\/\/ithaka.tusitio.es\/es\/wp-json\/wp\/v2\/types\/page"}],"author":[{"embeddable":true,"href":"https:\/\/ithaka.tusitio.es\/es\/wp-json\/wp\/v2\/users\/1"}],"replies":[{"embeddable":true,"href":"https:\/\/ithaka.tusitio.es\/es\/wp-json\/wp\/v2\/comments?post=7894"}],"version-history":[{"count":8,"href":"https:\/\/ithaka.tusitio.es\/es\/wp-json\/wp\/v2\/pages\/7894\/revisions"}],"predecessor-version":[{"id":7908,"href":"https:\/\/ithaka.tusitio.es\/es\/wp-json\/wp\/v2\/pages\/7894\/revisions\/7908"}],"wp:attachment":[{"href":"https:\/\/ithaka.tusitio.es\/es\/wp-json\/wp\/v2\/media?parent=7894"}],"curies":[{"name":"wp","href":"https:\/\/api.w.org\/{rel}","templated":true}]}}